{"id":14206,"date":"2023-10-03T19:20:08","date_gmt":"2023-10-03T17:20:08","guid":{"rendered":"https:\/\/www.impulseforchange.com\/impulse-for-change-togo\/"},"modified":"2024-02-02T18:51:15","modified_gmt":"2024-02-02T17:51:15","slug":"impulse-for-change-togo","status":"publish","type":"page","link":"https:\/\/www.impulseforchange.com\/fr\/impulse-for-change-togo\/","title":{"rendered":"Impulse for Change Togo"},"content":{"rendered":"<style type=\"text\/css\"><\/style>\n<p>Notre partenaire Impulse for Change Togo au Togo est une association qui r\u00e9alise avec nous des projets pour les enfants et les femmes seules au Togo.<br>Le Togo est un pays d&rsquo;Afrique de l&rsquo;Ouest, situ\u00e9 entre le Ghana, le Burkina Faso et le B\u00e9nin. Politiquement stable, le Togo se caract\u00e9rise par une grande pauvret\u00e9, en particulier dans les r\u00e9gions rurales. Notre organisation partenaire travaille principalement dans les r\u00e9gions rurales, dans les petits villages qui sont souvent oubli\u00e9s par les autres organisations.<\/p>\n","protected":false},"excerpt":{"rendered":"<p>Notre partenaire Impulse for Change Togo au Togo est une association qui r\u00e9alise avec nous des projets pour les enfants et les femmes seules au Togo.Le Togo est un pays d&rsquo;Afrique de l&rsquo;Ouest, situ\u00e9 entre le Ghana, le Burkina Faso et le B\u00e9nin. Politiquement stable, le Togo se caract\u00e9rise par une grande pauvret\u00e9, en particulier&#8230;<\/p>\n","protected":false},"author":1,"featured_media":14189,"parent":0,"menu_order":0,"comment_status":"closed","ping_status":"closed","template":"","meta":[],"wf_page_folders":[76],"yoast_head":"<!-- This site is optimized with the Yoast SEO plugin v18.0 - https:\/\/yoast.com\/wordpress\/plugins\/seo\/ -->\n<title>Impulse for Change Togo - Impulse for Change<\/title>\n<meta name=\"robots\" content=\"index, follow, max-snippet:-1, max-image-preview:large, max-video-preview:-1\" \/>\n<link rel=\"canonical\" href=\"https:\/\/www.impulseforchange.com\/fr\/impulse-for-change-togo\/\" \/>\n<meta property=\"og:locale\" content=\"fr_FR\" \/>\n<meta property=\"og:type\" content=\"article\" \/>\n<meta property=\"og:title\" content=\"Impulse for Change Togo - Impulse for Change\" \/>\n<meta property=\"og:description\" content=\"Notre partenaire Impulse for Change Togo au Togo est une association qui r\u00e9alise avec nous des projets pour les enfants et les femmes seules au Togo.Le Togo est un pays d&rsquo;Afrique de l&rsquo;Ouest, situ\u00e9 entre le Ghana, le Burkina Faso et le B\u00e9nin. Politiquement stable, le Togo se caract\u00e9rise par une grande pauvret\u00e9, en particulier...\" \/>\n<meta property=\"og:url\" content=\"https:\/\/www.impulseforchange.com\/fr\/impulse-for-change-togo\/\" \/>\n<meta property=\"og:site_name\" content=\"Impulse for Change\" \/>\n<meta property=\"article:modified_time\" content=\"2024-02-02T17:51:15+00:00\" \/>\n<meta property=\"og:image\" content=\"https:\/\/www.impulseforchange.com\/wp-content\/uploads\/2024\/02\/IMG-20231003-WA0001.jpg\" \/>\n\t<meta property=\"og:image:width\" content=\"1600\" \/>\n\t<meta property=\"og:image:height\" content=\"1066\" \/>\n\t<meta property=\"og:image:type\" content=\"image\/jpeg\" \/>\n<meta name=\"twitter:card\" content=\"summary_large_image\" \/>\n<meta name=\"twitter:label1\" content=\"Dur\u00e9e de lecture estim\u00e9e\" \/>\n\t<meta name=\"twitter:data1\" content=\"1 minute\" \/>\n<script type=\"application\/ld+json\" class=\"yoast-schema-graph\">{\"@context\":\"https:\/\/schema.org\",\"@graph\":[{\"@type\":\"WebSite\",\"@id\":\"https:\/\/www.impulseforchange.com\/#website\",\"url\":\"https:\/\/www.impulseforchange.com\/\",\"name\":\"Impulse for Change\",\"description\":\"\",\"potentialAction\":[{\"@type\":\"SearchAction\",\"target\":{\"@type\":\"EntryPoint\",\"urlTemplate\":\"https:\/\/www.impulseforchange.com\/?s={search_term_string}\"},\"query-input\":\"required name=search_term_string\"}],\"inLanguage\":\"fr-FR\"},{\"@type\":\"ImageObject\",\"@id\":\"https:\/\/www.impulseforchange.com\/fr\/impulse-for-change-togo\/#primaryimage\",\"inLanguage\":\"fr-FR\",\"url\":\"https:\/\/www.impulseforchange.com\/wp-content\/uploads\/2024\/02\/IMG-20231003-WA0001.jpg\",\"contentUrl\":\"https:\/\/www.impulseforchange.com\/wp-content\/uploads\/2024\/02\/IMG-20231003-WA0001.jpg\",\"width\":1600,\"height\":1066,\"caption\":\"Schulprojekt im Togo\"},{\"@type\":\"WebPage\",\"@id\":\"https:\/\/www.impulseforchange.com\/fr\/impulse-for-change-togo\/#webpage\",\"url\":\"https:\/\/www.impulseforchange.com\/fr\/impulse-for-change-togo\/\",\"name\":\"Impulse for Change Togo - Impulse for Change\",\"isPartOf\":{\"@id\":\"https:\/\/www.impulseforchange.com\/#website\"},\"primaryImageOfPage\":{\"@id\":\"https:\/\/www.impulseforchange.com\/fr\/impulse-for-change-togo\/#primaryimage\"},\"datePublished\":\"2023-10-03T17:20:08+00:00\",\"dateModified\":\"2024-02-02T17:51:15+00:00\",\"breadcrumb\":{\"@id\":\"https:\/\/www.impulseforchange.com\/fr\/impulse-for-change-togo\/#breadcrumb\"},\"inLanguage\":\"fr-FR\",\"potentialAction\":[{\"@type\":\"ReadAction\",\"target\":[\"https:\/\/www.impulseforchange.com\/fr\/impulse-for-change-togo\/\"]}]},{\"@type\":\"BreadcrumbList\",\"@id\":\"https:\/\/www.impulseforchange.com\/fr\/impulse-for-change-togo\/#breadcrumb\",\"itemListElement\":[{\"@type\":\"ListItem\",\"position\":1,\"name\":\"Startseite\",\"item\":\"https:\/\/www.impulseforchange.com\/fr\/\"},{\"@type\":\"ListItem\",\"position\":2,\"name\":\"Impulse for Change Togo\"}]}]}<\/script>\n<!-- \/ Yoast SEO plugin. -->","yoast_head_json":{"title":"Impulse for Change Togo - Impulse for Change","robots":{"index":"index","follow":"follow","max-snippet":"max-snippet:-1","max-image-preview":"max-image-preview:large","max-video-preview":"max-video-preview:-1"},"canonical":"https:\/\/www.impulseforchange.com\/fr\/impulse-for-change-togo\/","og_locale":"fr_FR","og_type":"article","og_title":"Impulse for Change Togo - Impulse for Change","og_description":"Notre partenaire Impulse for Change Togo au Togo est une association qui r\u00e9alise avec nous des projets pour les enfants et les femmes seules au Togo.Le Togo est un pays d&rsquo;Afrique de l&rsquo;Ouest, situ\u00e9 entre le Ghana, le Burkina Faso et le B\u00e9nin. Politiquement stable, le Togo se caract\u00e9rise par une grande pauvret\u00e9, en particulier...","og_url":"https:\/\/www.impulseforchange.com\/fr\/impulse-for-change-togo\/","og_site_name":"Impulse for Change","article_modified_time":"2024-02-02T17:51:15+00:00","og_image":[{"width":1600,"height":1066,"url":"https:\/\/www.impulseforchange.com\/wp-content\/uploads\/2024\/02\/IMG-20231003-WA0001.jpg","type":"image\/jpeg"}],"twitter_card":"summary_large_image","twitter_misc":{"Dur\u00e9e de lecture estim\u00e9e":"1 minute"},"schema":{"@context":"https:\/\/schema.org","@graph":[{"@type":"WebSite","@id":"https:\/\/www.impulseforchange.com\/#website","url":"https:\/\/www.impulseforchange.com\/","name":"Impulse for Change","description":"","potentialAction":[{"@type":"SearchAction","target":{"@type":"EntryPoint","urlTemplate":"https:\/\/www.impulseforchange.com\/?s={search_term_string}"},"query-input":"required name=search_term_string"}],"inLanguage":"fr-FR"},{"@type":"ImageObject","@id":"https:\/\/www.impulseforchange.com\/fr\/impulse-for-change-togo\/#primaryimage","inLanguage":"fr-FR","url":"https:\/\/www.impulseforchange.com\/wp-content\/uploads\/2024\/02\/IMG-20231003-WA0001.jpg","contentUrl":"https:\/\/www.impulseforchange.com\/wp-content\/uploads\/2024\/02\/IMG-20231003-WA0001.jpg","width":1600,"height":1066,"caption":"Schulprojekt im Togo"},{"@type":"WebPage","@id":"https:\/\/www.impulseforchange.com\/fr\/impulse-for-change-togo\/#webpage","url":"https:\/\/www.impulseforchange.com\/fr\/impulse-for-change-togo\/","name":"Impulse for Change Togo - Impulse for Change","isPartOf":{"@id":"https:\/\/www.impulseforchange.com\/#website"},"primaryImageOfPage":{"@id":"https:\/\/www.impulseforchange.com\/fr\/impulse-for-change-togo\/#primaryimage"},"datePublished":"2023-10-03T17:20:08+00:00","dateModified":"2024-02-02T17:51:15+00:00","breadcrumb":{"@id":"https:\/\/www.impulseforchange.com\/fr\/impulse-for-change-togo\/#breadcrumb"},"inLanguage":"fr-FR","potentialAction":[{"@type":"ReadAction","target":["https:\/\/www.impulseforchange.com\/fr\/impulse-for-change-togo\/"]}]},{"@type":"BreadcrumbList","@id":"https:\/\/www.impulseforchange.com\/fr\/impulse-for-change-togo\/#breadcrumb","itemListElement":[{"@type":"ListItem","position":1,"name":"Startseite","item":"https:\/\/www.impulseforchange.com\/fr\/"},{"@type":"ListItem","position":2,"name":"Impulse for Change Togo"}]}]}},"_links":{"self":[{"href":"https:\/\/www.impulseforchange.com\/fr\/wp-json\/wp\/v2\/pages\/14206"}],"collection":[{"href":"https:\/\/www.impulseforchange.com\/fr\/wp-json\/wp\/v2\/pages"}],"about":[{"href":"https:\/\/www.impulseforchange.com\/fr\/wp-json\/wp\/v2\/types\/page"}],"author":[{"embeddable":true,"href":"https:\/\/www.impulseforchange.com\/fr\/wp-json\/wp\/v2\/users\/1"}],"replies":[{"embeddable":true,"href":"https:\/\/www.impulseforchange.com\/fr\/wp-json\/wp\/v2\/comments?post=14206"}],"version-history":[{"count":2,"href":"https:\/\/www.impulseforchange.com\/fr\/wp-json\/wp\/v2\/pages\/14206\/revisions"}],"predecessor-version":[{"id":14212,"href":"https:\/\/www.impulseforchange.com\/fr\/wp-json\/wp\/v2\/pages\/14206\/revisions\/14212"}],"wp:featuredmedia":[{"embeddable":true,"href":"https:\/\/www.impulseforchange.com\/fr\/wp-json\/wp\/v2\/media\/14189"}],"wp:attachment":[{"href":"https:\/\/www.impulseforchange.com\/fr\/wp-json\/wp\/v2\/media?parent=14206"}],"wp:term":[{"taxonomy":"wf_page_folders","embeddable":true,"href":"https:\/\/www.impulseforchange.com\/fr\/wp-json\/wp\/v2\/wf_page_folders?post=14206"}],"curies":[{"name":"wp","href":"https:\/\/api.w.org\/{rel}","templated":true}]}}